{"id":5938,"date":"2022-10-25T15:34:04","date_gmt":"2022-10-25T19:34:04","guid":{"rendered":"https:\/\/metalbf.ca\/career\/"},"modified":"2025-10-28T11:12:25","modified_gmt":"2025-10-28T15:12:25","slug":"career","status":"publish","type":"page","link":"https:\/\/metalbf.ca\/en\/career\/","title":{"rendered":"Careers"},"content":{"rendered":"<p><div class=\"fusion-fullwidth fullwidth-box fusion-builder-row-1 fusion-flex-container has-pattern-background has-mask-background nonhundred-percent-fullwidth non-hundred-percent-height-scrolling fusion-animated\" style=\"--awb-border-radius-top-left:0px;--awb-border-radius-top-right:0px;--awb-border-radius-bottom-right:0px;--awb-border-radius-bottom-left:0px;--awb-margin-top:40px;--awb-margin-bottom:40px;--awb-margin-bottom-medium:80px;--awb-margin-bottom-small:60px;--awb-flex-wrap:wrap;\" data-animationType=\"fadeInUp\" data-animationDuration=\"1.3\" data-animationOffset=\"top-into-view\" ><div class=\"fusion-builder-row fusion-row fusion-flex-align-items-center fusion-flex-content-wrap\" style=\"max-width:1560px;margin-left: calc(-4% \/ 2 );margin-right: calc(-4% \/ 2 );\"><div class=\"fusion-layout-column fusion_builder_column fusion-builder-column-0 fusion_builder_column_1_1 1_1 fusion-flex-column\" style=\"--awb-bg-blend:overlay;--awb-bg-size:cover;--awb-width-large:100%;--awb-margin-top-large:0px;--awb-spacing-right-large:1.536%;--awb-margin-bottom-large:0px;--awb-spacing-left-large:1.92%;--awb-width-medium:40%;--awb-spacing-right-medium:3.84%;--awb-spacing-left-medium:4.8%;--awb-width-small:100%;--awb-spacing-right-small:1.92%;--awb-margin-bottom-small:15px;--awb-spacing-left-small:1.92%;\"><div class=\"fusion-column-wrapper fusion-flex-justify-content-flex-start fusion-content-layout-column\"><div class=\"fusion-title title fusion-title-1 fusion-title-text fusion-title-size-two\" style=\"--awb-margin-bottom:50px;--awb-margin-top-small:0px;--awb-margin-bottom-small:20px;--awb-font-size:37px;\"><div class=\"title-sep-container title-sep-container-left fusion-no-large-visibility fusion-no-medium-visibility fusion-no-small-visibility\"><div class=\"title-sep sep- sep-solid\" style=\"border-color:var(--awb-color3);\"><\/div><\/div><span class=\"awb-title-spacer fusion-no-large-visibility fusion-no-medium-visibility fusion-no-small-visibility\"><\/span><h2 class=\"fusion-title-heading title-heading-left fusion-responsive-typography-calculated\" style=\"margin:0;text-transform:none;font-size:1em;--fontSize:37;line-height:1.35;\">Join our team!<\/h2><span class=\"awb-title-spacer\"><\/span><div class=\"title-sep-container title-sep-container-right\"><div class=\"title-sep sep- sep-solid\" style=\"border-color:var(--awb-color3);\"><\/div><\/div><\/div><div class=\"fusion-text fusion-text-1\"><p>Attention to detail, ability to work in a team and above all the need to carry out projects to the highest quality standards. If you have these skills, contact us! If you also have experience in metal processing, this is a definite asset!<\/p>\n<\/div><\/div><\/div><\/div><\/div><div class=\"fusion-fullwidth fullwidth-box fusion-builder-row-2 fusion-flex-container has-pattern-background has-mask-background nonhundred-percent-fullwidth non-hundred-percent-height-scrolling\" style=\"--awb-background-position:left top;--awb-border-radius-top-left:0px;--awb-border-radius-top-right:0px;--awb-border-radius-bottom-right:0px;--awb-border-radius-bottom-left:0px;--awb-padding-top:50px;--awb-padding-bottom:50px;--awb-background-color:hsla(var(--awb-color4-h),var(--awb-color4-s),var(--awb-color4-l),calc(var(--awb-color4-a) - 94%));--awb-flex-wrap:wrap;\" ><div class=\"fusion-builder-row fusion-row fusion-flex-align-items-flex-start fusion-flex-content-wrap\" style=\"max-width:1560px;margin-left: calc(-4% \/ 2 );margin-right: calc(-4% \/ 2 );\"><div class=\"fusion-layout-column fusion_builder_column fusion-builder-column-1 fusion_builder_column_1_1 1_1 fusion-flex-column fusion-animated\" style=\"--awb-padding-top:30px;--awb-bg-size:cover;--awb-width-large:100%;--awb-margin-top-large:0px;--awb-spacing-right-large:1.92%;--awb-margin-bottom-large:20px;--awb-spacing-left-large:1.92%;--awb-width-medium:100%;--awb-order-medium:0;--awb-spacing-right-medium:1.92%;--awb-spacing-left-medium:1.92%;--awb-width-small:100%;--awb-order-small:0;--awb-spacing-right-small:1.92%;--awb-spacing-left-small:1.92%;\" data-animationType=\"fadeInUp\" data-animationDuration=\"1.3\" data-animationOffset=\"top-into-view\"><div class=\"fusion-column-wrapper fusion-column-has-shadow fusion-flex-justify-content-flex-start fusion-content-layout-column\"><div class=\"fusion-title title fusion-title-2 fusion-title-center fusion-title-text fusion-title-size-two\" style=\"--awb-text-color:var(--awb-color4);--awb-margin-top-small:0px;--awb-margin-bottom-small:20px;--awb-font-size:35px;\"><div class=\"title-sep-container title-sep-container-left\"><div class=\"title-sep sep- sep-solid\" style=\"border-color:var(--awb-color3);\"><\/div><\/div><span class=\"awb-title-spacer\"><\/span><h2 class=\"fusion-title-heading title-heading-center fusion-responsive-typography-calculated\" style=\"margin:0;text-transform:none;font-size:1em;--fontSize:35;line-height:1.43;\">Positions available at this time<\/h2><span class=\"awb-title-spacer\"><\/span><div class=\"title-sep-container title-sep-container-right\"><div class=\"title-sep sep- sep-solid\" style=\"border-color:var(--awb-color3);\"><\/div><\/div><\/div><div style=\"text-align:center;\"><a class=\"fusion-button button-flat button-xlarge button-default fusion-button-default button-1 fusion-button-span-yes fusion-button-default-type\" target=\"_self\" href=\"https:\/\/carrieres.innovairsolutions.com\/en\/annonces?brands=4867\"><span class=\"fusion-button-text awb-button__text awb-button__text--default\">See job offers<\/span><\/a><\/div><\/div><\/div><\/div><\/div><\/p>\n","protected":false},"excerpt":{"rendered":"","protected":false},"author":1,"featured_media":0,"parent":0,"menu_order":0,"comment_status":"closed","ping_status":"closed","template":"100-width.php","meta":{"_acf_changed":false,"footnotes":""},"class_list":["post-5938","page","type-page","status-publish","hentry"],"acf":[],"yoast_head":"<!-- This site is optimized with the Yoast SEO plugin v27.5 - https:\/\/yoast.com\/product\/yoast-seo-wordpress\/ -->\n<title>Careers - M\u00e9tal BF<\/title>\n<meta name=\"robots\" content=\"index, follow, max-snippet:-1, max-image-preview:large, max-video-preview:-1\" \/>\n<link rel=\"canonical\" href=\"https:\/\/metalbf.ca\/en\/career\/\" \/>\n<meta property=\"og:locale\" content=\"en_US\" \/>\n<meta property=\"og:type\" content=\"article\" \/>\n<meta property=\"og:title\" content=\"Careers - M\u00e9tal BF\" \/>\n<meta property=\"og:url\" content=\"https:\/\/metalbf.ca\/en\/career\/\" \/>\n<meta property=\"og:site_name\" content=\"M\u00e9tal BF\" \/>\n<meta property=\"article:modified_time\" content=\"2025-10-28T15:12:25+00:00\" \/>\n<meta name=\"twitter:card\" content=\"summary_large_image\" \/>\n<meta name=\"twitter:label1\" content=\"Est. reading time\" \/>\n\t<meta name=\"twitter:data1\" content=\"1 minute\" \/>\n<script type=\"application\/ld+json\" class=\"yoast-schema-graph\">{\"@context\":\"https:\\\/\\\/schema.org\",\"@graph\":[{\"@type\":\"WebPage\",\"@id\":\"https:\\\/\\\/metalbf.ca\\\/en\\\/career\\\/\",\"url\":\"https:\\\/\\\/metalbf.ca\\\/en\\\/career\\\/\",\"name\":\"Careers - M\u00e9tal BF\",\"isPartOf\":{\"@id\":\"https:\\\/\\\/metalbf.ca\\\/en\\\/#website\"},\"datePublished\":\"2022-10-25T19:34:04+00:00\",\"dateModified\":\"2025-10-28T15:12:25+00:00\",\"breadcrumb\":{\"@id\":\"https:\\\/\\\/metalbf.ca\\\/en\\\/career\\\/#breadcrumb\"},\"inLanguage\":\"en-US\",\"potentialAction\":[{\"@type\":\"ReadAction\",\"target\":[\"https:\\\/\\\/metalbf.ca\\\/en\\\/career\\\/\"]}]},{\"@type\":\"BreadcrumbList\",\"@id\":\"https:\\\/\\\/metalbf.ca\\\/en\\\/career\\\/#breadcrumb\",\"itemListElement\":[{\"@type\":\"ListItem\",\"position\":1,\"name\":\"Accueil\",\"item\":\"https:\\\/\\\/metalbf.ca\\\/en\\\/home\\\/\"},{\"@type\":\"ListItem\",\"position\":2,\"name\":\"Careers\"}]},{\"@type\":\"WebSite\",\"@id\":\"https:\\\/\\\/metalbf.ca\\\/en\\\/#website\",\"url\":\"https:\\\/\\\/metalbf.ca\\\/en\\\/\",\"name\":\"M\u00e9tal BF\",\"description\":\"La qualit\u00e9, toujours \u00e0 point\",\"publisher\":{\"@id\":\"https:\\\/\\\/metalbf.ca\\\/en\\\/#organization\"},\"potentialAction\":[{\"@type\":\"SearchAction\",\"target\":{\"@type\":\"EntryPoint\",\"urlTemplate\":\"https:\\\/\\\/metalbf.ca\\\/en\\\/?s={search_term_string}\"},\"query-input\":{\"@type\":\"PropertyValueSpecification\",\"valueRequired\":true,\"valueName\":\"search_term_string\"}}],\"inLanguage\":\"en-US\"},{\"@type\":\"Organization\",\"@id\":\"https:\\\/\\\/metalbf.ca\\\/en\\\/#organization\",\"name\":\"M\u00e9tal BF\",\"url\":\"https:\\\/\\\/metalbf.ca\\\/en\\\/\",\"logo\":{\"@type\":\"ImageObject\",\"inLanguage\":\"en-US\",\"@id\":\"https:\\\/\\\/metalbf.ca\\\/en\\\/#\\\/schema\\\/logo\\\/image\\\/\",\"url\":\"https:\\\/\\\/metalbf.ca\\\/wp-content\\\/uploads\\\/2022\\\/10\\\/metal-bf-logo.png\",\"contentUrl\":\"https:\\\/\\\/metalbf.ca\\\/wp-content\\\/uploads\\\/2022\\\/10\\\/metal-bf-logo.png\",\"width\":265,\"height\":162,\"caption\":\"M\u00e9tal BF\"},\"image\":{\"@id\":\"https:\\\/\\\/metalbf.ca\\\/en\\\/#\\\/schema\\\/logo\\\/image\\\/\"}}]}<\/script>\n<!-- \/ Yoast SEO plugin. -->","yoast_head_json":{"title":"Careers - M\u00e9tal BF","robots":{"index":"index","follow":"follow","max-snippet":"max-snippet:-1","max-image-preview":"max-image-preview:large","max-video-preview":"max-video-preview:-1"},"canonical":"https:\/\/metalbf.ca\/en\/career\/","og_locale":"en_US","og_type":"article","og_title":"Careers - M\u00e9tal BF","og_url":"https:\/\/metalbf.ca\/en\/career\/","og_site_name":"M\u00e9tal BF","article_modified_time":"2025-10-28T15:12:25+00:00","twitter_card":"summary_large_image","twitter_misc":{"Est. reading time":"1 minute"},"schema":{"@context":"https:\/\/schema.org","@graph":[{"@type":"WebPage","@id":"https:\/\/metalbf.ca\/en\/career\/","url":"https:\/\/metalbf.ca\/en\/career\/","name":"Careers - M\u00e9tal BF","isPartOf":{"@id":"https:\/\/metalbf.ca\/en\/#website"},"datePublished":"2022-10-25T19:34:04+00:00","dateModified":"2025-10-28T15:12:25+00:00","breadcrumb":{"@id":"https:\/\/metalbf.ca\/en\/career\/#breadcrumb"},"inLanguage":"en-US","potentialAction":[{"@type":"ReadAction","target":["https:\/\/metalbf.ca\/en\/career\/"]}]},{"@type":"BreadcrumbList","@id":"https:\/\/metalbf.ca\/en\/career\/#breadcrumb","itemListElement":[{"@type":"ListItem","position":1,"name":"Accueil","item":"https:\/\/metalbf.ca\/en\/home\/"},{"@type":"ListItem","position":2,"name":"Careers"}]},{"@type":"WebSite","@id":"https:\/\/metalbf.ca\/en\/#website","url":"https:\/\/metalbf.ca\/en\/","name":"M\u00e9tal BF","description":"La qualit\u00e9, toujours \u00e0 point","publisher":{"@id":"https:\/\/metalbf.ca\/en\/#organization"},"potentialAction":[{"@type":"SearchAction","target":{"@type":"EntryPoint","urlTemplate":"https:\/\/metalbf.ca\/en\/?s={search_term_string}"},"query-input":{"@type":"PropertyValueSpecification","valueRequired":true,"valueName":"search_term_string"}}],"inLanguage":"en-US"},{"@type":"Organization","@id":"https:\/\/metalbf.ca\/en\/#organization","name":"M\u00e9tal BF","url":"https:\/\/metalbf.ca\/en\/","logo":{"@type":"ImageObject","inLanguage":"en-US","@id":"https:\/\/metalbf.ca\/en\/#\/schema\/logo\/image\/","url":"https:\/\/metalbf.ca\/wp-content\/uploads\/2022\/10\/metal-bf-logo.png","contentUrl":"https:\/\/metalbf.ca\/wp-content\/uploads\/2022\/10\/metal-bf-logo.png","width":265,"height":162,"caption":"M\u00e9tal BF"},"image":{"@id":"https:\/\/metalbf.ca\/en\/#\/schema\/logo\/image\/"}}]}},"_links":{"self":[{"href":"https:\/\/metalbf.ca\/en\/wp-json\/wp\/v2\/pages\/5938","targetHints":{"allow":["GET"]}}],"collection":[{"href":"https:\/\/metalbf.ca\/en\/wp-json\/wp\/v2\/pages"}],"about":[{"href":"https:\/\/metalbf.ca\/en\/wp-json\/wp\/v2\/types\/page"}],"author":[{"embeddable":true,"href":"https:\/\/metalbf.ca\/en\/wp-json\/wp\/v2\/users\/1"}],"replies":[{"embeddable":true,"href":"https:\/\/metalbf.ca\/en\/wp-json\/wp\/v2\/comments?post=5938"}],"version-history":[{"count":30,"href":"https:\/\/metalbf.ca\/en\/wp-json\/wp\/v2\/pages\/5938\/revisions"}],"predecessor-version":[{"id":42876,"href":"https:\/\/metalbf.ca\/en\/wp-json\/wp\/v2\/pages\/5938\/revisions\/42876"}],"wp:attachment":[{"href":"https:\/\/metalbf.ca\/en\/wp-json\/wp\/v2\/media?parent=5938"}],"curies":[{"name":"wp","href":"https:\/\/api.w.org\/{rel}","templated":true}]}}